{"id":25,"date":"2023-06-10T21:29:39","date_gmt":"2023-06-10T14:29:39","guid":{"rendered":"http:\/\/media.ninhbinhweb.top\/?page_id=25"},"modified":"2026-01-22T09:35:45","modified_gmt":"2026-01-22T02:35:45","slug":"gioi-thieu","status":"publish","type":"page","link":"https:\/\/amtmusic.vn\/vi\/gioi-thieu\/","title":{"rendered":"Gi\u1edbi thi\u1ec7u"},"content":{"rendered":"\n  <div class=\"banner has-hover banner-gioi-thieu\" id=\"banner-2083658725\">\n          <div class=\"banner-inner fill\">\n        <div class=\"banner-bg fill\" >\n            <div class=\"bg fill bg-fill \"><\/div>\n                        <div class=\"overlay\"><\/div>            \n                    <\/div>\n\t\t\n        <div class=\"banner-layers container\">\n            <div class=\"fill banner-link\"><\/div>            \n   <div id=\"text-box-103761876\" class=\"text-box banner-layer x50 md-x50 lg-x50 y50 md-y50 lg-y50 res-text\">\n                                <div class=\"text-box-content text dark\">\n              \n              <div class=\"text-inner text-center\">\n                  \n<h1><strong><span style=\"font-size: 150%;\">V\u1ec1 ch\u00fang t\u00f4i.<\/span><\/strong><\/h1>\n              <\/div>\n           <\/div>\n                            \n<style>\n#text-box-103761876 {\n  width: 60%;\n}\n#text-box-103761876 .text-box-content {\n  font-size: 100%;\n}\n<\/style>\n    <\/div>\n \n        <\/div>\n      <\/div>\n\n            \n<style>\n#banner-2083658725 {\n  padding-top: 800px;\n}\n#banner-2083658725 .bg.bg-loaded {\n  background-image: url(https:\/\/amtmusic.vn\/wp-content\/uploads\/2023\/06\/banner-about-dark.png);\n}\n#banner-2083658725 .overlay {\n  background-color: rgba(0, 77, 123, 0.692);\n}\n#banner-2083658725 .ux-shape-divider--top svg {\n  height: 150px;\n  --divider-top-width: 100%;\n}\n#banner-2083658725 .ux-shape-divider--bottom svg {\n  height: 150px;\n  --divider-width: 100%;\n}\n<\/style>\n  <\/div>\n\n\n\t<section class=\"section gioi-thieu-1\" id=\"section_1804468820\">\n\t\t<div class=\"bg section-bg fill bg-fill  bg-loaded\" >\n\n\t\t\t\n\t\t\t\n\t\t\t\n\n\t\t<\/div>\n\n\t\t\n\n\t\t<div class=\"section-content relative\">\n\t\t\t\n<div class=\"row\"  id=\"row-2086993396\">\n\n\t<div id=\"col-1509666475\" class=\"col small-12 large-12\"  >\n\t\t\t\t<div class=\"col-inner\"  >\n\t\t\t\n\t\t\t\n<h2 style=\"text-align: center;\"><span style=\"font-size: 250%;\">\u00c2m nh\u1ea1c <strong>\u201cKh\u00f4ng Kho\u1ea3ng C\u00e1ch\u201d<\/strong><\/span><\/h2>\n<p style=\"text-align: justify;\">C\u00f4ng Ty TNHH S\u00e1ng T\u1ea1o Truy\u1ec1n Th\u00f4ng AMT Media \u0111\u01b0\u1ee3c th\u00e0nh l\u1eadp v\u00e0o th\u00e1ng 7 n\u0103m 2025 . L\u00e0 m\u1ed9t \u0111\u01a1n v\u1ecb ti\u00ean phong , ho\u1ea1t \u0111\u1ed9ng m\u1ea1nh m\u1ebd trong l\u0129nh v\u1ef1c Qu\u1ea3ng c\u00e1o v\u00e0 ph\u00e1t h\u00e0nh nh\u1ea1c s\u1ed1 . Ch\u00fang t\u00f4i mang \u0111\u1ebfn nh\u1eefng gi\u1ea3i ph\u00e1p \u0111\u1ed9t ph\u00e1 , gi\u00fap c\u00e1c ngh\u1ec7 si , nh\u00e3n h\u00e0ng v\u00e0 doanh nghi\u1ec7p k\u1ebft n\u1ed1i hi\u1ec7u qu\u1ea3 v\u1edbi kh\u00e1n gi\u1ea3 m\u1ee5c ti\u00eau trong k\u1ec9 nguy\u00ean s\u1ed1 \u00a0Ch\u00fang t\u00f4i cung c\u1ea5p \u0111a d\u1ea1ng c\u00e1c gi\u1ea3i ph\u00e1p qu\u1ea3ng c\u00e1o t\u1eeb chi\u1ebfn l\u01b0\u1ee3c truy\u1ec1n th\u00f4ng \u0111\u1ebfn s\u1ea3n xu\u1ea5t n\u1ed9i dung s\u00e1ng t\u1ea1o ( video , h\u00ecnh \u1ea3nh , b\u00e0i vi\u1ebft ) , qu\u1ea3ng c\u00e1o tr\u00ean c\u00e1c n\u1ec1n t\u1ea3ng s\u1ed1 ( social media , Google Ads , Youtube \u2026.) . Ch\u00fang t\u00f4i c\u00f3 h\u01a1n 3 n\u0103m kinh nghi\u1ec7m trong l\u0129nh v\u1ef1c qu\u1ea3ng c\u00e1o v\u00e0 ph\u00e1t h\u00e0nh nh\u1ea1c s\u1ed1 . V\u1edbi \u0111\u1ed9i ng\u0169 chuy\u00ean gia gi\u00e0u kinh nghi\u1ec7m v\u00e0 t\u01b0 duy s\u00e1ng t\u1ea1o kh\u00f4ng ng\u1eebng , ch\u00fang t\u00f4i cam k\u1ebft mang \u0111\u1ebfn nh\u1eefng chi\u1ebfn d\u1ecbch qu\u1ea3ng c\u00e1o hi\u1ec7u qu\u1ea3 , t\u1ed1i \u01b0u ho\u00e1 chi ph\u00ed v\u00e0 \u0111\u1ea1t \u0111\u01b0\u1ee3c ROI cao nh\u1ea5t cho kh\u00e1ch h\u00e0ng . Trong b\u1ed1i c\u1ea3nh th\u1ecb tr\u01b0\u1eddng \u00e2m nh\u1ea1c ng\u00e0y c\u00e0ng s\u00f4i \u0111\u1ed9ng AMT Media cung c\u1ea5p d\u1ecbch v\u1ee5 ph\u00e1t h\u00e0nh nh\u1ea1c s\u1ed1 to\u00e0n di\u1ec7n . Ch\u00fang t\u00f4i \u00a0h\u1ed7 tr\u1ee3 ngh\u1ec7 s\u0129 \u00a0\u0111\u01b0a \u00e2m nh\u1ea1c c\u1ee7a m\u00ecnh l\u00ean c\u00e1c n\u1ec1n t\u1ea3ng s\u1ed1 nh\u01b0: YouTube CID &amp; Youtube Music, Facebook, Instagram, Apple Music, Trebel, TIDAL, TouchTunes, NetEase, SoundCloud, Peloton, Napster, KKBOX, Mixcloud, Kuaishou, JioSaavn, iMusica, Jaxsta, Deezer, Gracenote, FLO, Boomplay, Beatsource, Audible Magic \u2013 Rights360, AMI Entertainment, a _Curve, Spotify, Pandora, TikTok, Ress, QOBUZ, Anghami, 7digital, Amazon, iHeartRadio, Adaptr, ZingMp3, NCT v\u00e0 h\u01a1n th\u1ebf n\u1eefa\u2026c\u00f9ng v\u1edbi c\u00e1c chi\u1ebfn l\u01b0\u1ee3c qu\u1ea3ng b\u00e1 , x\u00e2y d\u1ef1ng th\u01b0\u01a1ng hi\u1ec7u c\u00e1 nh\u00e2n \u0111\u1ec3 \u00e2m nh\u1ea1c c\u1ee7a b\u1ea1n ti\u1ebfp c\u1eadn \u0111\u01b0\u1ee3c \u0111\u00fang \u0111\u1ed1i t\u01b0\u1ee3ng khan gi\u1ea3 v\u00e0 \u0111\u1ea1t \u0111\u01b0\u1ee3c th\u00e0nh c\u00f4ng vang d\u1ed9i.<\/p>\n<p style=\"text-align: justify;\"><strong><b>T\u1ea7m nh\u00ecn &amp; S\u1ee9 M\u1ec7nh : <\/b><\/strong><\/p>\n<p style=\"text-align: justify;\"><strong><b>T\u1ea7m nh\u00ecn : <\/b><\/strong>Ch\u00fang t\u00f4i khao kh\u00e1t v\u01b0\u01a1n t\u1edbi m\u1ee5c ti\u00eau tr\u1edf th\u00e0nh \u0111on v\u1ecb ph\u00e1t h\u00e0nh v\u00e0 qu\u1ea3ng b\u00e1 \u00e2m nh\u1ea1c s\u1ed1 h\u00e0ng \u0111\u1ea7u , kh\u00f4ng ch\u1ec9 t\u1ea1i Vi\u1ec7t Nam m\u00e0 c\u00f2n v\u01b0\u01a1n xa tr\u00ean th\u1ecb tr\u01b0\u1eddng qu\u1ed1c t\u1ebf<\/p>\n<p style=\"text-align: justify;\"><strong><b>S\u1ee9 m\u1ec7nh : <\/b><\/strong>AMT Media cam k\u1ebft gi\u00fap c\u00e1c ngh\u1ec7 s\u0129 t\u1ed1i \u01b0u ho\u00e1 kh\u1ea3 n\u0103ng ki\u1ebfm ti\u1ec1n t\u1eeb ch\u00ednh nh\u1eefng s\u1ea3n ph\u1ea9m \u00e2m nh\u1ea1c t\u00e2m huy\u1ebft c\u1ee7a h\u1ecd . Ch\u00fang t\u00f4i t\u1ea1o ra con \u0111\u01b0\u1eddng b\u1ec1n v\u1eefng \u0111\u1ec3 t\u00e0i n\u0103ng \u0111\u01b0\u1ee3c ghi nh\u1eadn v\u00e0 \u0111\u1ec1n \u0111\u00e1p x\u1ee9ng \u0111\u00e1ng<\/p>\n<p style=\"text-align: justify;\"><strong><b>Ch\u00fang t\u00f4i l\u00e0 ai : <\/b><\/strong><\/p>\n<p style=\"text-align: justify;\">AMT Media l\u00e0 s\u1ef1 l\u1ef1a ch\u1ecdn tuy\u1ec7t v\u1eddi , ch\u00fang h\u00fang t\u00f4i c\u00f4ng ty s\u1ea3n xu\u1ea5t \u2013 ph\u00e2n ph\u1ed1i \u2013 truy\u1ec1n th\u00f4ng \u00e2m nh\u1ea1c tr\u00ean c\u00e1c n\u1ec1n t\u1ea3ng \u0111\u1eb7c bi\u1ec7t l\u00e0 m\u1ea1ng x\u00e3 h\u1ed9i, \u0111\u01a1n v\u1ecb ch\u00fang t\u00f4i h\u1ee3p t\u00e1c v\u1edbi nhi\u1ec1u \u0111\u01a1n v\u1ecb truy\u1ec1n th\u00f4ng l\u1edbn nh\u01b0: Revelator Network, The Orchard, IC Music, \u00a0Believe , Warner Music , MIXUS, Zing Mp3, v\u00e0 c\u00e1c \u0111\u01a1n v\u1ecb truy\u1ec1n th\u00f4ng kh\u00e1c.<\/p>\n<p style=\"text-align: justify;\">Ch\u00fang t\u00f4i mang h\u1ea1nh ph\u00fac \u0111\u1ebfn cho c\u00e1c b\u1ea1n.<\/p>\n<p style=\"text-align: justify;\">Ngo\u00e0i ra ch\u00fang t\u00f4i b\u1ea3o v\u1ec7 b\u1ea3n quy\u1ec1n t\u1eeb t\u00e1c gi\u1ea3 c\u1ee7a b\u00e0i h\u00e1t \u0111\u00f3.<\/p>\n\t\t<\/div>\n\t\t\t\t\t<\/div>\n\n\t\n<\/div>\n\t\t<\/div>\n\n\t\t\n<style>\n#section_1804468820 {\n  padding-top: 80px;\n  padding-bottom: 80px;\n}\n#section_1804468820 .ux-shape-divider--top svg {\n  height: 150px;\n  --divider-top-width: 100%;\n}\n#section_1804468820 .ux-shape-divider--bottom svg {\n  height: 150px;\n  --divider-width: 100%;\n}\n<\/style>\n\t<\/section>\n\t\n\n\t<section class=\"section gioi-thieu-3 dark\" id=\"section_1405388224\">\n\t\t<div class=\"bg section-bg fill bg-fill  bg-loaded\" >\n\n\t\t\t\n\t\t\t\n\t\t\t\n\n\t\t<\/div>\n\n\t\t\n\n\t\t<div class=\"section-content relative\">\n\t\t\t\n<div class=\"row row-large\"  id=\"row-158421183\">\n\n\t<div id=\"col-1199028558\" class=\"col small-12 large-12\"  >\n\t\t\t\t<div class=\"col-inner\"  >\n\t\t\t\n\t\t\t\n<h2><span style=\"font-size: 250%;\">D\u1ecbch v\u1ee5 c\u1ee7a <strong>AMT MEDIA<\/strong><\/span><\/h2>\n<div class=\"is-divider divider clearfix\" style=\"margin-top:30px;margin-bottom:30px;max-width:100%;height:1px;background-color:rgb(53, 53, 53);\"><\/div>\n\t\t<\/div>\n\t\t\t\t\t<\/div>\n\n\t\n\n\t<div id=\"col-916630161\" class=\"col medium-6 small-12 large-6\"  >\n\t\t\t\t<div class=\"col-inner\"  >\n\t\t\t\n\t\t\t\n\n\t\t<div class=\"icon-box featured-box icon-box-left text-left\"  >\n\t\t\t\t\t<div class=\"icon-box-img\" style=\"width: 159px\">\n\t\t\t\t<div class=\"icon\">\n\t\t\t\t\t<div class=\"icon-inner\" >\n\t\t\t\t\t\t<img loading=\"lazy\" decoding=\"async\" width=\"160\" height=\"160\" src=\"https:\/\/amtmusic.vn\/wp-content\/uploads\/2023\/06\/img-dulce.png\" class=\"attachment-medium size-medium\" alt=\"\" srcset=\"https:\/\/amtmusic.vn\/wp-content\/uploads\/2023\/06\/img-dulce.png 160w, https:\/\/amtmusic.vn\/wp-content\/uploads\/2023\/06\/img-dulce-150x150.png 150w\" sizes=\"auto, (max-width: 160px) 100vw, 160px\" \/>\t\t\t\t\t<\/div>\n\t\t\t\t<\/div>\n\t\t\t<\/div>\n\t\t\t\t<div class=\"icon-box-text last-reset\">\n\t\t\t\t\t\t\t\t\t\n\t<div id=\"text-4267345521\" class=\"text\">\n\t\t\n<h3>Ph\u00e1t H\u00e0nh \u00c2m Nh\u1ea1c S\u1ed1<\/h3>\n\t\t\n<style>\n#text-4267345521 {\n  text-align: left;\n}\n<\/style>\n\t<\/div>\n\t\n\t\t<\/div>\n\t<\/div>\n\t\n\t\n\t\t<\/div>\n\t\t\t\t\t<\/div>\n\n\t\n\n\t<div id=\"col-131172861\" class=\"col medium-6 small-12 large-6\"  >\n\t\t\t\t<div class=\"col-inner\"  >\n\t\t\t\n\t\t\t\n\n\t\t<div class=\"icon-box featured-box icon-box-left text-left\"  >\n\t\t\t\t\t<div class=\"icon-box-img\" style=\"width: 159px\">\n\t\t\t\t<div class=\"icon\">\n\t\t\t\t\t<div class=\"icon-inner\" >\n\t\t\t\t\t\t<img loading=\"lazy\" decoding=\"async\" width=\"160\" height=\"160\" src=\"https:\/\/amtmusic.vn\/wp-content\/uploads\/2023\/06\/img-maren.png\" class=\"attachment-medium size-medium\" alt=\"\" srcset=\"https:\/\/amtmusic.vn\/wp-content\/uploads\/2023\/06\/img-maren.png 160w, https:\/\/amtmusic.vn\/wp-content\/uploads\/2023\/06\/img-maren-150x150.png 150w\" sizes=\"auto, (max-width: 160px) 100vw, 160px\" \/>\t\t\t\t\t<\/div>\n\t\t\t\t<\/div>\n\t\t\t<\/div>\n\t\t\t\t<div class=\"icon-box-text last-reset\">\n\t\t\t\t\t\t\t\t\t\n<h3>T\u01b0 V\u1ea5n Khi\u1ebfu N\u1ea1i V\u1ec1 B\u1ea3n Quy\u1ec1n<\/h3>\n\t\t<\/div>\n\t<\/div>\n\t\n\t\n\t\t<\/div>\n\t\t\t\t\t<\/div>\n\n\t\n\n\t<div id=\"col-1530270871\" class=\"col medium-6 small-12 large-6\"  >\n\t\t\t\t<div class=\"col-inner\"  >\n\t\t\t\n\t\t\t\n\n\t\t<div class=\"icon-box featured-box icon-box-left text-left\"  >\n\t\t\t\t\t<div class=\"icon-box-img\" style=\"width: 159px\">\n\t\t\t\t<div class=\"icon\">\n\t\t\t\t\t<div class=\"icon-inner\" >\n\t\t\t\t\t\t<img loading=\"lazy\" decoding=\"async\" width=\"160\" height=\"160\" src=\"https:\/\/amtmusic.vn\/wp-content\/uploads\/2023\/06\/img-emerson.png\" class=\"attachment-medium size-medium\" alt=\"\" srcset=\"https:\/\/amtmusic.vn\/wp-content\/uploads\/2023\/06\/img-emerson.png 160w, https:\/\/amtmusic.vn\/wp-content\/uploads\/2023\/06\/img-emerson-150x150.png 150w\" sizes=\"auto, (max-width: 160px) 100vw, 160px\" \/>\t\t\t\t\t<\/div>\n\t\t\t\t<\/div>\n\t\t\t<\/div>\n\t\t\t\t<div class=\"icon-box-text last-reset\">\n\t\t\t\t\t\t\t\t\t\n<h3>S\u1ea3n Xu\u1ea5t Beat Music<\/h3>\n\t\t<\/div>\n\t<\/div>\n\t\n\t\n\t\t<\/div>\n\t\t\t\t\t<\/div>\n\n\t\n\n\t<div id=\"col-904292984\" class=\"col medium-6 small-12 large-6\"  >\n\t\t\t\t<div class=\"col-inner\"  >\n\t\t\t\n\t\t\t\n\n\t\t<div class=\"icon-box featured-box icon-box-left text-left\"  >\n\t\t\t\t\t<div class=\"icon-box-img\" style=\"width: 159px\">\n\t\t\t\t<div class=\"icon\">\n\t\t\t\t\t<div class=\"icon-inner\" >\n\t\t\t\t\t\t<img loading=\"lazy\" decoding=\"async\" width=\"160\" height=\"160\" src=\"https:\/\/amtmusic.vn\/wp-content\/uploads\/2023\/06\/img-lincoln.png\" class=\"attachment-medium size-medium\" alt=\"\" srcset=\"https:\/\/amtmusic.vn\/wp-content\/uploads\/2023\/06\/img-lincoln.png 160w, https:\/\/amtmusic.vn\/wp-content\/uploads\/2023\/06\/img-lincoln-150x150.png 150w\" sizes=\"auto, (max-width: 160px) 100vw, 160px\" \/>\t\t\t\t\t<\/div>\n\t\t\t\t<\/div>\n\t\t\t<\/div>\n\t\t\t\t<div class=\"icon-box-text last-reset\">\n\t\t\t\t\t\t\t\t\t\n<h3>T\u00e1c Quy\u1ec1n B\u00e0i H\u00e1t<\/h3>\n\t\t<\/div>\n\t<\/div>\n\t\n\t\n\t\t<\/div>\n\t\t\t\t\t<\/div>\n\n\t\n\n\t<div id=\"col-731099244\" class=\"col medium-6 small-12 large-6\"  >\n\t\t\t\t<div class=\"col-inner\"  >\n\t\t\t\n\t\t\t\n\n\t\t<div class=\"icon-box featured-box icon-box-left text-left\"  >\n\t\t\t\t\t<div class=\"icon-box-img\" style=\"width: 159px\">\n\t\t\t\t<div class=\"icon\">\n\t\t\t\t\t<div class=\"icon-inner\" >\n\t\t\t\t\t\t<img loading=\"lazy\" decoding=\"async\" width=\"160\" height=\"160\" src=\"https:\/\/amtmusic.vn\/wp-content\/uploads\/2023\/06\/img-emerson.png\" class=\"attachment-medium size-medium\" alt=\"\" srcset=\"https:\/\/amtmusic.vn\/wp-content\/uploads\/2023\/06\/img-emerson.png 160w, https:\/\/amtmusic.vn\/wp-content\/uploads\/2023\/06\/img-emerson-150x150.png 150w\" sizes=\"auto, (max-width: 160px) 100vw, 160px\" \/>\t\t\t\t\t<\/div>\n\t\t\t\t<\/div>\n\t\t\t<\/div>\n\t\t\t\t<div class=\"icon-box-text last-reset\">\n\t\t\t\t\t\t\t\t\t\n<h3>H\u1ed7 tr\u1ee3 MV<\/h3>\n\t\t<\/div>\n\t<\/div>\n\t\n\t\n\t\t<\/div>\n\t\t\t\t\t<\/div>\n\n\t\n\n\t<div id=\"col-1551859177\" class=\"col medium-6 small-12 large-6\"  >\n\t\t\t\t<div class=\"col-inner\"  >\n\t\t\t\n\t\t\t\n\n\t\t<div class=\"icon-box featured-box icon-box-left text-left\"  >\n\t\t\t\t\t<div class=\"icon-box-img\" style=\"width: 159px\">\n\t\t\t\t<div class=\"icon\">\n\t\t\t\t\t<div class=\"icon-inner\" >\n\t\t\t\t\t\t<img loading=\"lazy\" decoding=\"async\" width=\"160\" height=\"160\" src=\"https:\/\/amtmusic.vn\/wp-content\/uploads\/2023\/06\/img-lincoln.png\" class=\"attachment-medium size-medium\" alt=\"\" srcset=\"https:\/\/amtmusic.vn\/wp-content\/uploads\/2023\/06\/img-lincoln.png 160w, https:\/\/amtmusic.vn\/wp-content\/uploads\/2023\/06\/img-lincoln-150x150.png 150w\" sizes=\"auto, (max-width: 160px) 100vw, 160px\" \/>\t\t\t\t\t<\/div>\n\t\t\t\t<\/div>\n\t\t\t<\/div>\n\t\t\t\t<div class=\"icon-box-text last-reset\">\n\t\t\t\t\t\t\t\t\t\n<h3>S\u1ea3n xu\u1ea5t phim doanh nghi\u1ec7p , phim ng\u1eafn , TVC<\/h3>\n\t\t<\/div>\n\t<\/div>\n\t\n\t\n\t\t<\/div>\n\t\t\t\t\t<\/div>\n\n\t\n\n\t<div id=\"col-1891444636\" class=\"col cot2 small-12 large-12\"  >\n\t\t\t\t<div class=\"col-inner text-center\"  >\n\t\t\t\n\t\t\t\n<a href=\"\/dong-gop\/\" target=\"_self\" class=\"button secondary lowercase reveal-icon nut-gioi-thieu\"  >\n    <span>Xem th\u00eam<\/span>\n  <i class=\"icon-angle-right\" aria-hidden=\"true\" ><\/i><\/a>\n\n\t\t<\/div>\n\t\t\t\t\t<\/div>\n\n\t\n<\/div>\n\t\t<\/div>\n\n\t\t\n<style>\n#section_1405388224 {\n  padding-top: 80px;\n  padding-bottom: 80px;\n  background-color: rgb(33, 33, 33);\n}\n#section_1405388224 .ux-shape-divider--top svg {\n  height: 150px;\n  --divider-top-width: 100%;\n}\n#section_1405388224 .ux-shape-divider--bottom svg {\n  height: 150px;\n  --divider-width: 100%;\n}\n<\/style>\n\t<\/section>\n\t\n\t<section class=\"section gioi-thieu-4\" id=\"section_665964187\">\n\t\t<div class=\"bg section-bg fill bg-fill  bg-loaded\" >\n\n\t\t\t\n\t\t\t\n\t\t\t\n\n\t\t<\/div>\n\n\t\t\n\n\t\t<div class=\"section-content relative\">\n\t\t\t\n<div class=\"row align-middle\"  id=\"row-1571986224\">\n\n\t<div id=\"col-1086377514\" class=\"col medium-7 small-12 large-7\"  >\n\t\t\t\t<div class=\"col-inner\"  >\n\t\t\t\n\t\t\t\n\t<div class=\"img has-hover x md-x lg-x y md-y lg-y\" id=\"image_1113896668\">\n\t\t\t\t\t\t\t\t<div class=\"img-inner dark\" >\n\t\t\t<img loading=\"lazy\" decoding=\"async\" width=\"777\" height=\"1040\" src=\"https:\/\/amtmusic.vn\/wp-content\/uploads\/2023\/06\/img-publish.png\" class=\"attachment-original size-original\" alt=\"\" srcset=\"https:\/\/amtmusic.vn\/wp-content\/uploads\/2023\/06\/img-publish.png 777w, https:\/\/amtmusic.vn\/wp-content\/uploads\/2023\/06\/img-publish-224x300.png 224w, https:\/\/amtmusic.vn\/wp-content\/uploads\/2023\/06\/img-publish-765x1024.png 765w, https:\/\/amtmusic.vn\/wp-content\/uploads\/2023\/06\/img-publish-768x1028.png 768w\" sizes=\"auto, (max-width: 777px) 100vw, 777px\" \/>\t\t\t\t\t\t\t<div class=\"overlay\" style=\"background-color: rgba(0, 56, 106, 0.75)\"><\/div>\n\t\t\t\t\t\t\n\t\t\t\t\t<\/div>\n\t\t\t\t\t\t\t\t\n<style>\n#image_1113896668 {\n  width: 100%;\n}\n<\/style>\n\t<\/div>\n\t\n\t\t<\/div>\n\t\t\t\t\t<\/div>\n\n\t\n\n\t<div id=\"col-133345272\" class=\"col medium-5 small-12 large-5\"  >\n\t\t\t\t<div class=\"col-inner\"  >\n\t\t\t\n\t\t\t\n\t<div id=\"text-3937368750\" class=\"text\">\n\t\t\n<h2><strong>T\u1ea0I SAO CH\u1eccN AMT MEDIA ?<\/strong><\/h2>\n<p><strong>\u0110\u1ed8I H\u1ed6 TR\u1ee2 :<\/strong> Nh\u00f3m l\u00e0m vi\u1ec7c tr\u1ef1c ti\u1ebfp v\u1edbi b\u1ea1n v\u1ec1 ph\u00e2n ph\u1ed1i \u00e2m nh\u1ea1c. V\u00e0 s\u1ebd h\u1ed7 tr\u1ee3, t\u01b0 v\u1ea5n ph\u00e1t h\u00e0nh v\u00e0 b\u1ea3n quy\u1ec1n.<br \/><strong>\u0110\u1ed8I NG\u0168 : <\/strong>Ch\u00fang t\u00f4i gi\u00fap c\u00e1c ngh\u1ec7 s\u0129 qu\u1ea3n l\u00fd c\u00e1c b\u1ea3n quy\u1ec1n, ph\u00e1t h\u00e0nh b\u00e0i h\u00e1t v\u00e0 thu ti\u1ec1n cho doanh thu \u0111\u01b0\u1ee3c t\u1ea1o ra t\u1eeb c\u00e1c b\u00e0i h\u00e1t c\u1ee7a h\u1ecd<br \/><strong>B\u1ea2O V\u1ec6 B\u1ea2N QUY\u1ec0N :<\/strong> Khi ph\u00e1t h\u00e0nh nh\u1ea1c tr\u1ef1c tuy\u1ebfn, c\u00e1c ngh\u1ec7 s\u0129 c\u1ea7n ch\u00fa \u00fd \u0111\u1ebfn vi\u1ec7c gi\u1eef b\u1ea3n quy\u1ec1n c\u1ee7a m\u00ecnh. \u0110i\u1ec1u n\u00e0y \u0111\u1ea3m b\u1ea3o r\u1eb1ng c\u00e1c b\u1ea3n nh\u1ea1c c\u1ee7a h\u1ecd \u0111\u01b0\u1ee3c b\u1ea3o v\u1ec7 v\u00e0 \u0111\u01b0\u1ee3c s\u1eed d\u1ee5ng \u0111\u00fang c\u00e1ch.<br \/><strong>\u0110\u01a0N GI\u1ea2N :<\/strong> Ph\u00e1t h\u00e0nh nh\u1ea1c tr\u1ef1c tuy\u1ebfn c\u00f2n cung c\u1ea5p cho ng\u01b0\u1eddi nghe nh\u1ea1c c\u00e1c l\u1ee3i \u00edch nh\u01b0 ti\u1ec7n l\u1ee3i, \u0111a d\u1ea1ng v\u00e0 kh\u00f4ng gi\u1edbi h\u1ea1n v\u1ec1 s\u1ed1 l\u01b0\u1ee3ng b\u00e0i h\u00e1t.<br \/><strong>KH\u00d4NG GI\u1edaI H\u1ea0N :<\/strong> B\u1ea5t k\u1ec3 b\u1ea1n \u0111ang l\u00e0m g\u00ec v\u00e0 \u1edf n\u1ee3i n\u00e0o, AMT Media v\u1eabn c\u00f3 th\u1ec3 gi\u00fap mang s\u1ea3n ph\u1ea9m \u00e2m nh\u1ea1c c\u1ee7a b\u1ea1n t\u1edbi m\u1ecdi ng\u01b0\u1eddi tr\u00ean th\u1ebf gi\u1edbi.<\/p>\n\t\t\n<style>\n#text-3937368750 {\n  text-align: left;\n}\n<\/style>\n\t<\/div>\n\t\n<a href=\"#form-lien-he\" target=\"_self\" class=\"button secondary lowercase reveal-icon nut-gioi-thieu\"  >\n    <span>Li\u00ean h\u1ec7 t\u01b0 v\u1ea5n<\/span>\n  <i class=\"icon-angle-right\" aria-hidden=\"true\" ><\/i><\/a>\n\n\t\t<\/div>\n\t\t\t\t\n<style>\n#col-133345272 > .col-inner {\n  padding: 0px 0px 0px 80px;\n}\n<\/style>\n\t<\/div>\n\n\t\n<\/div>\n\t\t<\/div>\n\n\t\t\n<style>\n#section_665964187 {\n  padding-top: 80px;\n  padding-bottom: 80px;\n}\n#section_665964187 .ux-shape-divider--top svg {\n  height: 150px;\n  --divider-top-width: 100%;\n}\n#section_665964187 .ux-shape-divider--bottom svg {\n  height: 150px;\n  --divider-width: 100%;\n}\n<\/style>\n\t<\/section>\n\t\n","protected":false},"excerpt":{"rendered":"","protected":false},"author":1,"featured_media":0,"parent":0,"menu_order":0,"comment_status":"closed","ping_status":"closed","template":"page-transparent-header-light.php","meta":{"footnotes":""},"class_list":["post-25","page","type-page","status-publish","hentry"],"_links":{"self":[{"href":"https:\/\/amtmusic.vn\/vi\/wp-json\/wp\/v2\/pages\/25\/"}],"collection":[{"href":"https:\/\/amtmusic.vn\/vi\/wp-json\/wp\/v2\/pages\/"}],"about":[{"href":"https:\/\/amtmusic.vn\/vi\/wp-json\/wp\/v2\/types\/page\/"}],"author":[{"embeddable":true,"href":"https:\/\/amtmusic.vn\/vi\/wp-json\/wp\/v2\/users\/1\/"}],"replies":[{"embeddable":true,"href":"https:\/\/amtmusic.vn\/vi\/wp-json\/wp\/v2\/comments\/?post=25"}],"version-history":[{"count":45,"href":"https:\/\/amtmusic.vn\/vi\/wp-json\/wp\/v2\/pages\/25\/revisions\/"}],"predecessor-version":[{"id":1139,"href":"https:\/\/amtmusic.vn\/vi\/wp-json\/wp\/v2\/pages\/25\/revisions\/1139\/"}],"wp:attachment":[{"href":"https:\/\/amtmusic.vn\/vi\/wp-json\/wp\/v2\/media\/?parent=25"}],"curies":[{"name":"wp","href":"https:\/\/api.w.org\/{rel}","templated":true}]}}